{"id":2313,"date":"2021-03-04T08:55:07","date_gmt":"2021-03-04T08:55:07","guid":{"rendered":"https:\/\/iberoyachting.com\/flexofold\/"},"modified":"2021-12-01T15:41:54","modified_gmt":"2021-12-01T15:41:54","slug":"flexofold","status":"publish","type":"page","link":"https:\/\/iberoyachting.com\/en\/flexofold\/","title":{"rendered":"Flexofold"},"content":{"rendered":"<p>[vc_row][vc_column][vc_single_image image=&#8221;2189&#8243; img_size=&#8221;medium&#8221; css_animation=&#8221;fadeInDown&#8221;][vc_empty_space hide_on_mobile=&#8221;&#8221;][\/vc_column][\/vc_row][vc_row][vc_column]<div id=\"sc_content_240688466\"\n\t\tclass=\"sc_content sc_content_default\"><div class=\"sc_content_container\">[vc_column_text css_animation=&#8221;fadeIn&#8221;]Desde de que fabricaron su primera h\u00e9lice de dos palas en el a\u00f1o 1993, <strong>Flexofold<\/strong> y su equipo, han logrado una trayectoria llena de reconocimientos y premios a sus trabajos.<br \/>\nCon fabrica en Europa, su dise\u00f1o, su construcci\u00f3n robusta y por el rendimiento que aporta a las embarcaciones, son consideradas las mejores h\u00e9lices plegables para velero.<br \/>\nPor este motivo, es f\u00e1cil que las encuentre instaladas en cada vez m\u00e1s astilleros de prestigio, como equipo original.<\/p>\n<h4>100% apto en todos los saildrives comunes<\/h4>\n<p>Las h\u00e9lices Flexofold <strong>se adaptan perfectamente<\/strong> a todos los saildrives comunes y son ampliamente utilizadas por la mayor\u00eda de los astilleros reconocidos en todo el mundo, incluidos Beneteau, Jeanneau, Lagoon, Elan, Hanse Yacht, Dehler, Saffier Yacths, Halberg-Razzy y muchos m\u00e1s.[\/vc_column_text]<\/div><\/div><!-- \/.sc_content -->[vc_empty_space height=&#8221;40px&#8221; alter_height=&#8221;none&#8221; hide_on_mobile=&#8221;&#8221;]<div id=\"sc_content_2098919384\"\n\t\tclass=\"sc_content sc_content_default sc_float_center sc_align_center\"><div class=\"sc_content_container\">[vc_images_carousel images=&#8221;2161,2158,2157,2152,2153,2154,2155,2156,2160&#8243; img_size=&#8221;large&#8221; onclick=&#8221;link_no&#8221; speed=&#8221;2000&#8243; slides_per_view=&#8221;6&#8243; autoplay=&#8221;yes&#8221; hide_pagination_control=&#8221;yes&#8221; hide_prev_next_buttons=&#8221;yes&#8221; wrap=&#8221;yes&#8221; css=&#8221;.vc_custom_1616724837902{margin-left: 75px !important;}&#8221;]<\/div><\/div><!-- \/.sc_content -->[vc_empty_space height=&#8221;40px&#8221; alter_height=&#8221;none&#8221; hide_on_mobile=&#8221;&#8221;][vc_tta_accordion active_section=&#8221;&#8221; collapsible_all=&#8221;true&#8221;][vc_tta_section title=&#8221;H\u00e9lice plegable compuesta Saildrive de 2 palas&#8221; tab_id=&#8221;1616725508515-d2ddceba-c36e&#8221;][vc_column_text]<\/p>\n<p>I am text block. Click edit button to change this text. Lorem ipsum dolor sit amet, consectetur adipiscing elit. Ut elit tellus, luctus nec ullamcorper mattis, pulvinar dapibus leo.<\/p>\n<p>[\/vc_column_text][\/vc_tta_section][vc_tta_section title=&#8221;H\u00e9lice plegable Saildrive de 2 palas&#8221; tab_id=&#8221;1616725508550-d4ecd654-ab99&#8243;][vc_column_text]<\/p>\n<p>I am text block. Click edit button to change this text. Lorem ipsum dolor sit amet, consectetur adipiscing elit. Ut elit tellus, luctus nec ullamcorper mattis, pulvinar dapibus leo.<\/p>\n<p>[\/vc_column_text][\/vc_tta_section][vc_tta_section title=&#8221;H\u00e9lice plegable Saildrive LA de 2 palas&#8221; tab_id=&#8221;1616726037612-b7c7879f-c19d&#8221;][vc_column_text]<\/p>\n<p>I am text block. Click edit button to change this text. Lorem ipsum dolor sit amet, consectetur adipiscing elit. Ut elit tellus, luctus nec ullamcorper mattis, pulvinar dapibus leo.<\/p>\n<p>[\/vc_column_text][\/vc_tta_section][vc_tta_section title=&#8221;H\u00e9lice plegable Saildrive de 3 palas&#8221; tab_id=&#8221;1616726039304-760b186f-478e&#8221;][vc_column_text]<\/p>\n<p>I am text block. Click edit button to change this text. Lorem ipsum dolor sit amet, consectetur adipiscing elit. Ut elit tellus, luctus nec ullamcorper mattis, pulvinar dapibus leo.<\/p>\n<p>[\/vc_column_text][\/vc_tta_section][\/vc_tta_accordion][vc_empty_space height=&#8221;40px&#8221; alter_height=&#8221;none&#8221; hide_on_mobile=&#8221;&#8221;][vc_column_text]<\/p>\n<p>I am text block. Click edit button to change this text. Lorem ipsum dolor sit amet, consectetur adipiscing elit. Ut elit tellus, luctus nec ullamcorper mattis, pulvinar dapibus leo.<\/p>\n<p>[\/vc_column_text][vc_empty_space height=&#8221;40px&#8221; alter_height=&#8221;none&#8221; hide_on_mobile=&#8221;&#8221;][vc_tta_accordion active_section=&#8221;&#8221; collapsible_all=&#8221;true&#8221;][vc_tta_section title=&#8221;H\u00c9LICE PLEGABLE DE 2 PALAS PARA EJE&#8221; tab_id=&#8221;1616729630464-4a6e8413-a36e&#8221;][vc_column_text]<\/p>\n<p>I am text block. Click edit button to change this text. Lorem ipsum dolor sit amet, consectetur adipiscing elit. Ut elit tellus, luctus nec ullamcorper mattis, pulvinar dapibus leo.<\/p>\n<p>[\/vc_column_text][\/vc_tta_section][vc_tta_section title=&#8221;H\u00c9LICE PLEGABLE DE 3 PALAS PARA EJE&#8221; tab_id=&#8221;1616729630546-9c327249-beaf&#8221;][vc_column_text]<\/p>\n<p>I am text block. Click edit button to change this text. Lorem ipsum dolor sit amet, consectetur adipiscing elit. Ut elit tellus, luctus nec ullamcorper mattis, pulvinar dapibus leo.<\/p>\n<p>[\/vc_column_text][\/vc_tta_section][vc_tta_section title=&#8221;H\u00c9LICE PLEGABLE DE 4 PALAS PARA EJE&#8221; tab_id=&#8221;1616729630635-d7dca239-c62e&#8221;][vc_column_text]<\/p>\n<p>I am text block. Click edit button to change this text. Lorem ipsum dolor sit amet, consectetur adipiscing elit. Ut elit tellus, luctus nec ullamcorper mattis, pulvinar dapibus leo.<\/p>\n<p>[\/vc_column_text][\/vc_tta_section][\/vc_tta_accordion][\/vc_column][\/vc_row][vc_row][vc_column][vc_empty_space height=&#8221;80px&#8221; alter_height=&#8221;none&#8221; hide_on_mobile=&#8221;&#8221;][vc_empty_space height=&#8221;25px&#8221; alter_height=&#8221;none&#8221; hide_on_mobile=&#8221;&#8221;][\/vc_column][\/vc_row][vc_row][vc_column][vc_row_inner][vc_column_inner][\/vc_column_inner][\/vc_row_inner][\/vc_column][\/vc_row][vc_row][vc_column][\/vc_column][\/vc_row][vc_row full_width=&#8221;stretch_row&#8221; parallax=&#8221;content-moving-fade&#8221; parallax_image=&#8221;1779&#8243; css=&#8221;.vc_custom_1500460947798{padding-top: 6em !important;padding-bottom: 6em !important;background-image: url(https:\/\/iberoyachting.com\/wp-content\/uploads\/2016\/10\/45290228-Fondo-del-agua-azul-con-ngulo-de-visi-n-baja-ondulaci-n-Mar-Oc-ano-Wave-Cierre-de-la-naturaleza-de-f-Foto-de-archivo.jpg?id=1149) !important;background-position: center;background-repeat: no-repeat;background-size:cover;}&#8221;][vc_column][vc_column_text][\/vc_column_text]<div class=\"sc_item_button sc_button_wrap sc_align_center\"><a href=\"\/contacto\/\"\n\t id=\"sc_button_1853701885\" \n\tclass=\"sc_button sc_button_default  vc_custom_1494582261419 sc_button_size_large sc_button_icon_left\"\n\t\t><span class=\"sc_button_text\"><span class=\"sc_button_title\">Contacto<\/span><\/span><!-- \/.sc_button_text --><\/a><!-- \/.sc_button --><\/div><!-- \/.sc_item_button -->[\/vc_column][\/vc_row][vc_row][vc_column][vc_empty_space][\/vc_column][\/vc_row]<\/p>\n","protected":false},"excerpt":{"rendered":"<p>[vc_row][vc_column][vc_single_image image=&#8221;2189&#8243; img_size=&#8221;medium&#8221; css_animation=&#8221;fadeInDown&#8221;][vc_empty_space hide_on_mobile=&#8221;&#8221;][\/vc_column][\/vc_row][vc_row][vc_column][vc_empty_space height=&#8221;40px&#8221; alter_height=&#8221;none&#8221; hide_on_mobile=&#8221;&#8221;][vc_empty_space height=&#8221;40px&#8221; alter_height=&#8221;none&#8221; hide_on_mobile=&#8221;&#8221;][vc_tta_accordion active_section=&#8221;&#8221; collapsible_all=&#8221;true&#8221;][vc_tta_section title=&#8221;H\u00e9lice plegable compuesta Saildrive de 2 palas&#8221; tab_id=&#8221;1616725508515-d2ddceba-c36e&#8221;][vc_column_text] I am text block. Click edit button to change this text. Lorem ipsum dolor sit amet, consectetur adipiscing elit. Ut elit tellus, luctus nec ullamcorper mattis, pulvinar dapibus leo. [\/vc_column_text][\/vc_tta_section][vc_tta_section title=&#8221;H\u00e9lice plegable Saildrive de 2 palas&#8221; tab_id=&#8221;1616725508550-d4ecd654-ab99&#8243;][vc_column_text] I am&hellip;<\/p>\n","protected":false},"author":1,"featured_media":2342,"parent":0,"menu_order":0,"comment_status":"closed","ping_status":"closed","template":"","meta":{"footnotes":""},"yoast_head":"<!-- This site is optimized with the Yoast SEO plugin v21.9 - https:\/\/yoast.com\/wordpress\/plugins\/seo\/ -->\n<title>Flexofold - IberoYachting.com - Sales, Service &amp; Support<\/title>\n<meta name=\"robots\" content=\"index, follow, max-snippet:-1, max-image-preview:large, max-video-preview:-1\" \/>\n<link rel=\"canonical\" href=\"https:\/\/iberoyachting.com\/flexofold\/\" \/>\n<meta property=\"og:locale\" content=\"en_US\" \/>\n<meta property=\"og:type\" content=\"article\" \/>\n<meta property=\"og:title\" content=\"Flexofold - IberoYachting.com - Sales, Service &amp; Support\" \/>\n<meta property=\"og:description\" content=\"[vc_row][vc_column][vc_single_image image=&#8221;2189&#8243; img_size=&#8221;medium&#8221; css_animation=&#8221;fadeInDown&#8221;][vc_empty_space hide_on_mobile=&#8221;&#8221;][\/vc_column][\/vc_row][vc_row][vc_column][vc_empty_space height=&#8221;40px&#8221; alter_height=&#8221;none&#8221; hide_on_mobile=&#8221;&#8221;][vc_empty_space height=&#8221;40px&#8221; alter_height=&#8221;none&#8221; hide_on_mobile=&#8221;&#8221;][vc_tta_accordion active_section=&#8221;&#8221; collapsible_all=&#8221;true&#8221;][vc_tta_section title=&#8221;H\u00e9lice plegable compuesta Saildrive de 2 palas&#8221; tab_id=&#8221;1616725508515-d2ddceba-c36e&#8221;][vc_column_text] I am text block. Click edit button to change this text. Lorem ipsum dolor sit amet, consectetur adipiscing elit. Ut elit tellus, luctus nec ullamcorper mattis, pulvinar dapibus leo. [\/vc_column_text][\/vc_tta_section][vc_tta_section title=&#8221;H\u00e9lice plegable Saildrive de 2 palas&#8221; tab_id=&#8221;1616725508550-d4ecd654-ab99&#8243;][vc_column_text] I am&hellip;\" \/>\n<meta property=\"og:url\" content=\"https:\/\/iberoyachting.com\/flexofold\/\" \/>\n<meta property=\"og:site_name\" content=\"IberoYachting.com - Sales, Service &amp; Support\" \/>\n<meta property=\"article:modified_time\" content=\"2021-12-01T15:41:54+00:00\" \/>\n<meta property=\"og:image\" content=\"https:\/\/iberoyachting.com\/wp-content\/uploads\/cropped-logo1-1.jpg\" \/>\n\t<meta property=\"og:image:width\" content=\"1500\" \/>\n\t<meta property=\"og:image:height\" content=\"469\" \/>\n\t<meta property=\"og:image:type\" content=\"image\/jpeg\" \/>\n<meta name=\"twitter:card\" content=\"summary_large_image\" \/>\n<meta name=\"twitter:label1\" content=\"Est. reading time\" \/>\n\t<meta name=\"twitter:data1\" content=\"5 minutes\" \/>\n<script type=\"application\/ld+json\" class=\"yoast-schema-graph\">{\"@context\":\"https:\/\/schema.org\",\"@graph\":[{\"@type\":\"WebPage\",\"@id\":\"https:\/\/iberoyachting.com\/flexofold\/\",\"url\":\"https:\/\/iberoyachting.com\/flexofold\/\",\"name\":\"Flexofold - IberoYachting.com - Sales, Service &amp; Support\",\"isPartOf\":{\"@id\":\"https:\/\/iberoyachting.com\/#website\"},\"datePublished\":\"2021-03-04T08:55:07+00:00\",\"dateModified\":\"2021-12-01T15:41:54+00:00\",\"breadcrumb\":{\"@id\":\"https:\/\/iberoyachting.com\/flexofold\/#breadcrumb\"},\"inLanguage\":\"en-US\",\"potentialAction\":[{\"@type\":\"ReadAction\",\"target\":[\"https:\/\/iberoyachting.com\/flexofold\/\"]}]},{\"@type\":\"BreadcrumbList\",\"@id\":\"https:\/\/iberoyachting.com\/flexofold\/#breadcrumb\",\"itemListElement\":[{\"@type\":\"ListItem\",\"position\":1,\"name\":\"Portada\",\"item\":\"https:\/\/iberoyachting.com\/en\/\"},{\"@type\":\"ListItem\",\"position\":2,\"name\":\"Flexofold\"}]},{\"@type\":\"WebSite\",\"@id\":\"https:\/\/iberoyachting.com\/#website\",\"url\":\"https:\/\/iberoyachting.com\/\",\"name\":\"IberoYachting.com - Sales, Service & Support\",\"description\":\"Servicio integral a embarcaciones\",\"publisher\":{\"@id\":\"https:\/\/iberoyachting.com\/#organization\"},\"potentialAction\":[{\"@type\":\"SearchAction\",\"target\":{\"@type\":\"EntryPoint\",\"urlTemplate\":\"https:\/\/iberoyachting.com\/?s={search_term_string}\"},\"query-input\":\"required name=search_term_string\"}],\"inLanguage\":\"en-US\"},{\"@type\":\"Organization\",\"@id\":\"https:\/\/iberoyachting.com\/#organization\",\"name\":\"IberoYachting.com - Sales, Service & Support\",\"url\":\"https:\/\/iberoyachting.com\/\",\"logo\":{\"@type\":\"ImageObject\",\"inLanguage\":\"en-US\",\"@id\":\"https:\/\/iberoyachting.com\/#\/schema\/logo\/image\/\",\"url\":\"https:\/\/iberoyachting.com\/wp-content\/uploads\/2017\/05\/logo-iberoyachting-blue.png\",\"contentUrl\":\"https:\/\/iberoyachting.com\/wp-content\/uploads\/2017\/05\/logo-iberoyachting-blue.png\",\"width\":200,\"height\":73,\"caption\":\"IberoYachting.com - Sales, Service & Support\"},\"image\":{\"@id\":\"https:\/\/iberoyachting.com\/#\/schema\/logo\/image\/\"},\"sameAs\":[\"https:\/\/www.instagram.com\/iberoyachting\/\"]}]}<\/script>\n<!-- \/ Yoast SEO plugin. -->","yoast_head_json":{"title":"Flexofold - IberoYachting.com - Sales, Service &amp; Support","robots":{"index":"index","follow":"follow","max-snippet":"max-snippet:-1","max-image-preview":"max-image-preview:large","max-video-preview":"max-video-preview:-1"},"canonical":"https:\/\/iberoyachting.com\/flexofold\/","og_locale":"en_US","og_type":"article","og_title":"Flexofold - IberoYachting.com - Sales, Service &amp; Support","og_description":"[vc_row][vc_column][vc_single_image image=&#8221;2189&#8243; img_size=&#8221;medium&#8221; css_animation=&#8221;fadeInDown&#8221;][vc_empty_space hide_on_mobile=&#8221;&#8221;][\/vc_column][\/vc_row][vc_row][vc_column][vc_empty_space height=&#8221;40px&#8221; alter_height=&#8221;none&#8221; hide_on_mobile=&#8221;&#8221;][vc_empty_space height=&#8221;40px&#8221; alter_height=&#8221;none&#8221; hide_on_mobile=&#8221;&#8221;][vc_tta_accordion active_section=&#8221;&#8221; collapsible_all=&#8221;true&#8221;][vc_tta_section title=&#8221;H\u00e9lice plegable compuesta Saildrive de 2 palas&#8221; tab_id=&#8221;1616725508515-d2ddceba-c36e&#8221;][vc_column_text] I am text block. Click edit button to change this text. Lorem ipsum dolor sit amet, consectetur adipiscing elit. Ut elit tellus, luctus nec ullamcorper mattis, pulvinar dapibus leo. [\/vc_column_text][\/vc_tta_section][vc_tta_section title=&#8221;H\u00e9lice plegable Saildrive de 2 palas&#8221; tab_id=&#8221;1616725508550-d4ecd654-ab99&#8243;][vc_column_text] I am&hellip;","og_url":"https:\/\/iberoyachting.com\/flexofold\/","og_site_name":"IberoYachting.com - Sales, Service &amp; Support","article_modified_time":"2021-12-01T15:41:54+00:00","og_image":[{"width":1500,"height":469,"url":"https:\/\/iberoyachting.com\/wp-content\/uploads\/cropped-logo1-1.jpg","type":"image\/jpeg"}],"twitter_card":"summary_large_image","twitter_misc":{"Est. reading time":"5 minutes"},"schema":{"@context":"https:\/\/schema.org","@graph":[{"@type":"WebPage","@id":"https:\/\/iberoyachting.com\/flexofold\/","url":"https:\/\/iberoyachting.com\/flexofold\/","name":"Flexofold - IberoYachting.com - Sales, Service &amp; Support","isPartOf":{"@id":"https:\/\/iberoyachting.com\/#website"},"datePublished":"2021-03-04T08:55:07+00:00","dateModified":"2021-12-01T15:41:54+00:00","breadcrumb":{"@id":"https:\/\/iberoyachting.com\/flexofold\/#breadcrumb"},"inLanguage":"en-US","potentialAction":[{"@type":"ReadAction","target":["https:\/\/iberoyachting.com\/flexofold\/"]}]},{"@type":"BreadcrumbList","@id":"https:\/\/iberoyachting.com\/flexofold\/#breadcrumb","itemListElement":[{"@type":"ListItem","position":1,"name":"Portada","item":"https:\/\/iberoyachting.com\/en\/"},{"@type":"ListItem","position":2,"name":"Flexofold"}]},{"@type":"WebSite","@id":"https:\/\/iberoyachting.com\/#website","url":"https:\/\/iberoyachting.com\/","name":"IberoYachting.com - Sales, Service & Support","description":"Servicio integral a embarcaciones","publisher":{"@id":"https:\/\/iberoyachting.com\/#organization"},"potentialAction":[{"@type":"SearchAction","target":{"@type":"EntryPoint","urlTemplate":"https:\/\/iberoyachting.com\/?s={search_term_string}"},"query-input":"required name=search_term_string"}],"inLanguage":"en-US"},{"@type":"Organization","@id":"https:\/\/iberoyachting.com\/#organization","name":"IberoYachting.com - Sales, Service & Support","url":"https:\/\/iberoyachting.com\/","logo":{"@type":"ImageObject","inLanguage":"en-US","@id":"https:\/\/iberoyachting.com\/#\/schema\/logo\/image\/","url":"https:\/\/iberoyachting.com\/wp-content\/uploads\/2017\/05\/logo-iberoyachting-blue.png","contentUrl":"https:\/\/iberoyachting.com\/wp-content\/uploads\/2017\/05\/logo-iberoyachting-blue.png","width":200,"height":73,"caption":"IberoYachting.com - Sales, Service & Support"},"image":{"@id":"https:\/\/iberoyachting.com\/#\/schema\/logo\/image\/"},"sameAs":["https:\/\/www.instagram.com\/iberoyachting\/"]}]}},"_links":{"self":[{"href":"https:\/\/iberoyachting.com\/en\/wp-json\/wp\/v2\/pages\/2313"}],"collection":[{"href":"https:\/\/iberoyachting.com\/en\/wp-json\/wp\/v2\/pages"}],"about":[{"href":"https:\/\/iberoyachting.com\/en\/wp-json\/wp\/v2\/types\/page"}],"author":[{"embeddable":true,"href":"https:\/\/iberoyachting.com\/en\/wp-json\/wp\/v2\/users\/1"}],"replies":[{"embeddable":true,"href":"https:\/\/iberoyachting.com\/en\/wp-json\/wp\/v2\/comments?post=2313"}],"version-history":[{"count":15,"href":"https:\/\/iberoyachting.com\/en\/wp-json\/wp\/v2\/pages\/2313\/revisions"}],"predecessor-version":[{"id":2349,"href":"https:\/\/iberoyachting.com\/en\/wp-json\/wp\/v2\/pages\/2313\/revisions\/2349"}],"wp:featuredmedia":[{"embeddable":true,"href":"https:\/\/iberoyachting.com\/en\/wp-json\/wp\/v2\/media\/2342"}],"wp:attachment":[{"href":"https:\/\/iberoyachting.com\/en\/wp-json\/wp\/v2\/media?parent=2313"}],"curies":[{"name":"wp","href":"https:\/\/api.w.org\/{rel}","templated":true}]}}